{"id":16,"date":"2012-09-20T14:05:41","date_gmt":"2012-09-20T14:05:41","guid":{"rendered":"http:\/\/blog.ayurweda.de\/?page_id=16"},"modified":"2026-01-05T15:57:46","modified_gmt":"2026-01-05T14:57:46","slug":"uber-mich","status":"publish","type":"page","link":"https:\/\/blog.ayurweda.de\/?page_id=16","title":{"rendered":"Helena P\u00f6hlmann MSc"},"content":{"rendered":"<figure id=\"attachment_76\" class=\"wp-caption alignleft\" style=\"width: 180px\"><a href=\"https:\/\/blog.ayurweda.de\/wp-content\/uploads\/2012\/09\/ich_SW.jpg\"><img loading=\"lazy\" decoding=\"async\" class=\"size-full wp-image-76\" title=\"Helena\" src=\"https:\/\/blog.ayurweda.de\/wp-content\/uploads\/2012\/09\/ich_SW.jpg\" alt=\"HP\" width=\"180\" height=\"249\" \/><\/a><figcaption class=\"wp-caption-text\">Helena P\u00f6hlmann<\/figcaption><\/figure>\n<p><strong>Kurze Vita<\/strong><\/p>\n<p>Jahrgang 1966, M\u00fcnchen<\/p>\n<p>1981 Umzug nach Australien<\/p>\n<p>1984 Abitur (Matrikulation) in S\u00fcdaustralien<\/p>\n<p>1986-1988 Studium am T.A.F.E. College &#8211; Abschluss Business Certificate (ungef\u00e4hr BWL)<\/p>\n<p>1988-1991 Studium am Institute of Indian Medicine &#8211; Abschluss Advanced Diploma of Ayurvedic Medicine mit Berufsdoktorat &#8211; in Deutschland &#8222;Dr. (I. I. Med.)&#8220;<\/p>\n<p>1991 Geburt meiner Tochter und Er\u00f6ffnung der ersten Praxis, am Anzac Highway<\/p>\n<p>1992-1994 Studium bei Health Schools Australia &#8211; Abschluss Diploma of Oriental Medicine (mit Akupressur und Shiatsu)\u00a0\u2192 Remedial Massage Therapist (Heilmasseurin), Mitglied der Australian Traditional Medicine Society (ATMS)<\/p>\n<p>1994 Ausbildung bei LifeLine zur Seelsorgerin<\/p>\n<p>1995-1996 Studium an der University of Adelaide &#8211; Bachelor of Health Sciences<\/p>\n<p>1996 Umzug nach Deutschland<\/p>\n<p>1996-2000 Fortsetzung des Studiums an der Universit\u00e4t Leipzig und TU M\u00fcnchen im Bereich Humanmedizin<\/p>\n<p>2001-2008 Dozentin f\u00fcr ein internationales Pharmaunternehmen<\/p>\n<p>2008 Abschluss des Studiums an der University of Adelaide (S\u00fcdaustralien) als &#8222;Bachelor of Health Sciences&#8220; mit den Hauptf\u00e4chern Reproductiv Health (Reproduktivmedizin) &amp; anatomische Wissenschaften<\/p>\n<p>2009-2012 freiberufliche Dozentin, Er\u00f6ffnung der Akademie f\u00fcr traditionelle und orientalische Medizin (ATOM)<\/p>\n<p>2011-2012 Pharmaberaterin bei Allgemein\u00e4rztInnen, InternistINNen, prakt. \u00c4rztINNen &amp; Apotheken, im Auftrag von Eli Lilly<\/p>\n<p>2013 deutsche Heilpraktikerpr\u00fcfung, Er\u00f6ffnung der AyurWeda Praxis Bachlm\u00fchle<\/p>\n<p>2014 Umwandlung zur Naturheilpraxis, Anerkennung der ZPP (gesetzlichen Krankenkassen) als Yogalehrerin<\/p>\n<p>2023 &#8211; jetzt <em>Clinical Support<\/em> bei RGCC<\/p>\n<p>2023-2025 Masters of Sciences (MSc), Universit\u00e0 Medica Internazionale di Roma UniCamillus<\/p>\n<p>Ferner zwischendurch noch Sachkenntnispr\u00fcfungen gem\u00e4\u00df \u00a775 und \u00a750 Arzneimittelgesetz und weitere Fortbildungen j\u00e4hrlich zu bestimmten Therapieformen oder spezifischen Krankheitsbildern. Teilnahmen an Symposien und Kongressen als H\u00f6rerin und Vortragende wie auch Autorin von Laien- und Fachartikeln.<\/p>\n<p>Mein Bestreben ist es immer, Ihnen so gut wie m\u00f6glich zu helfen, die Ursachen Ihrer Beschwerden zu finden und zu beseitigen, Ihre Selbstheilungskr\u00e4fte anzuregen und Ihre Liebe zu sich selbst zu st\u00e4rken, damit Sie mit Geist, Leib und Seele gesunden k\u00f6nnen.<\/p>\n<p>Mit der <a href=\"https:\/\/heilpraktikerschule.weebly.com\/\" target=\"_blank\" rel=\"noopener\">Akademie f\u00fcr traditionelle &amp; orientalische Medizin, ATOM<\/a> vermittle ich Ihnen pers\u00f6nlich das n\u00f6tige Wissen, um der Gesundheitsmanager (die Gesundheitsmanagerin) f\u00fcr sich und Ihre Familie zu sein.<\/p>\n<p>Ich freue mich auf Sie!<\/p>\n<p>Ihre Heilpraktikerin &amp; Gesundheitswissenschaftlerin,<\/p>\n<p>Helena P\u00f6hlmann MSc<\/p>\n<p>B.Hlth.Sc. (Adl. Uni.), Dipl. O. Med. (H.S.A.), Dip.A.I.I. (TAFE)<\/p>\n","protected":false},"excerpt":{"rendered":"<p>Kurze Vita Jahrgang 1966, M\u00fcnchen 1981 Umzug nach Australien 1984 Abitur (Matrikulation) in S\u00fcdaustralien 1986-1988 Studium am T.A.F.E. College &#8211; Abschluss Business Certificate (ungef\u00e4hr BWL) 1988-1991 Studium am Institute of Indian Medicine &#8211; Abschluss Advanced Diploma of Ayurvedic Medicine mit Berufsdoktorat &#8211; in Deutschland &#8222;Dr. (I. I. Med.)&#8220; 1991 Geburt&nbsp; <a href=\"https:\/\/blog.ayurweda.de\/?page_id=16\" title=\"Read more Helena P\u00f6hlmann MSc\">Read more &raquo;<\/a><\/p>\n","protected":false},"author":1,"featured_media":0,"parent":0,"menu_order":1,"comment_status":"closed","ping_status":"open","template":"","meta":{"footnotes":""},"_links":{"self":[{"href":"https:\/\/blog.ayurweda.de\/index.php?rest_route=\/wp\/v2\/pages\/16"}],"collection":[{"href":"https:\/\/blog.ayurweda.de\/index.php?rest_route=\/wp\/v2\/pages"}],"about":[{"href":"https:\/\/blog.ayurweda.de\/index.php?rest_route=\/wp\/v2\/types\/page"}],"author":[{"embeddable":true,"href":"https:\/\/blog.ayurweda.de\/index.php?rest_route=\/wp\/v2\/users\/1"}],"replies":[{"embeddable":true,"href":"https:\/\/blog.ayurweda.de\/index.php?rest_route=%2Fwp%2Fv2%2Fcomments&post=16"}],"version-history":[{"count":44,"href":"https:\/\/blog.ayurweda.de\/index.php?rest_route=\/wp\/v2\/pages\/16\/revisions"}],"predecessor-version":[{"id":2192,"href":"https:\/\/blog.ayurweda.de\/index.php?rest_route=\/wp\/v2\/pages\/16\/revisions\/2192"}],"wp:attachment":[{"href":"https:\/\/blog.ayurweda.de\/index.php?rest_route=%2Fwp%2Fv2%2Fmedia&parent=16"}],"curies":[{"name":"wp","href":"https:\/\/api.w.org\/{rel}","templated":true}]}}