{"id":2,"date":"2012-09-20T13:37:39","date_gmt":"2012-09-20T13:37:39","guid":{"rendered":"http:\/\/blog.ayurweda.de\/?page_id=2"},"modified":"2026-01-24T12:31:10","modified_gmt":"2026-01-24T11:31:10","slug":"sample-page","status":"publish","type":"page","link":"https:\/\/blog.ayurweda.de\/?page_id=2","title":{"rendered":"Die Bach(l)m\u00fchle"},"content":{"rendered":"<p><strong>Sch\u00f6n, dass Sie uns gefunden haben!<\/strong><\/p>\n<p>Die <a title=\"Naturzentrum Bachlm\u00fchle\" href=\"http:\/\/www.bachlmuehle.de\" target=\"_blank\" rel=\"noopener\">Bachlm\u00fchle<\/a> besteht aus einer <a title=\"Praxis P\u00f6hlmann\" href=\"http:\/\/www.praxispoehlmann.de\" target=\"_blank\" rel=\"noopener\">Naturheilpraxis<\/a>, einer kleinen <a title=\"Heilpraktikerschule ATOM\" href=\"http:\/\/akademie.ayurWeda.de\" target=\"_blank\" rel=\"noopener\">Heilpraktikerschule<\/a>, wo Sie ganzheitliche Therapien oder Massagetechniken erlernen k\u00f6nnen, einem <a title=\"AyurWeda Naturheilshop\" href=\"http:\/\/shop.ayurweda.de\" target=\"_blank\" rel=\"noopener\">Onlineshop<\/a>, einer Firma f\u00fcr<a title=\"AXIOM - Heizen mit Pellets\" href=\"http:\/\/www.axiom-wt.de\" target=\"_blank\" rel=\"noopener\"> Pelletheiztechnik<\/a> und einem Ingenieurb\u00fcro.<\/p>\n<p>Sie finden uns im \u00f6stlichen Bayerischen Wald nahe den Grenzen zu \u00d6sterreich und Tschechien, genauer gesagt zu Ober\u00f6sterreich und B\u00f6hmen, in einer der sch\u00f6nsten Urlaubsregionen Deutschlands.<\/p>\n<p>Die zahlreichen umliegenden Pensionen machen es m\u00f6glich, den Urlaub dazu zu nutzen, etwas f\u00fcr Ihre Gesundheit zu tun.\u00a0 Sie k\u00f6nnten z. B. an den Fastenwochen teilnehmen oder eine Panchakarma Reinigungskur machen. Vielleicht m\u00f6chten Sie aber auch nur eine Meinung bzw. Einsch\u00e4tzung Ihres Gesundheitszustands einholen.\u00a0 Wir bieten nat\u00fcrlich auch eine umfangreiche Labordiagnostik an und k\u00f6nnen Ihnen ein anderes Verst\u00e4ndnis f\u00fcr Ihren K\u00f6rper vermitteln.<\/p>\n<p>Kommen Sie einfach mit Ihrem Wohnwagen, Wohnmobil, Zelt oder mieten Sie sich in eine der zahlreichen Pensionen in der Region ein.<\/p>\n<p>Der Blog soll Sie schnell und unkompliziert, auf neue Veranstaltungen hinweisen oder interessante Artikel zum Thema Gesundheit, mit Ihnen teilen. Er ist sozusagen unser Nachrichtendienst. Es lohnt sich immer wieder vorbeizuschauen, oder melden Sie sich einfach f\u00fcr den Newsletter an und Sie bekommen ein paar mal im Jahr automatisch die neusten Ver\u00f6ffentlichungen aus dem Blog zugesandt.<\/p>\n","protected":false},"excerpt":{"rendered":"<p>Sch\u00f6n, dass Sie uns gefunden haben! Die Bachlm\u00fchle besteht aus einer Naturheilpraxis, einer kleinen Heilpraktikerschule, wo Sie ganzheitliche Therapien oder Massagetechniken erlernen k\u00f6nnen, einem Onlineshop, einer Firma f\u00fcr Pelletheiztechnik und einem Ingenieurb\u00fcro. Sie finden uns im \u00f6stlichen Bayerischen Wald nahe den Grenzen zu \u00d6sterreich und Tschechien, genauer gesagt zu Ober\u00f6sterreich&nbsp; <a href=\"https:\/\/blog.ayurweda.de\/?page_id=2\" title=\"Read more Die Bach(l)m\u00fchle\">Read more &raquo;<\/a><\/p>\n","protected":false},"author":1,"featured_media":0,"parent":0,"menu_order":2,"comment_status":"closed","ping_status":"open","template":"","meta":{"footnotes":""},"_links":{"self":[{"href":"https:\/\/blog.ayurweda.de\/index.php?rest_route=\/wp\/v2\/pages\/2"}],"collection":[{"href":"https:\/\/blog.ayurweda.de\/index.php?rest_route=\/wp\/v2\/pages"}],"about":[{"href":"https:\/\/blog.ayurweda.de\/index.php?rest_route=\/wp\/v2\/types\/page"}],"author":[{"embeddable":true,"href":"https:\/\/blog.ayurweda.de\/index.php?rest_route=\/wp\/v2\/users\/1"}],"replies":[{"embeddable":true,"href":"https:\/\/blog.ayurweda.de\/index.php?rest_route=%2Fwp%2Fv2%2Fcomments&post=2"}],"version-history":[{"count":21,"href":"https:\/\/blog.ayurweda.de\/index.php?rest_route=\/wp\/v2\/pages\/2\/revisions"}],"predecessor-version":[{"id":2198,"href":"https:\/\/blog.ayurweda.de\/index.php?rest_route=\/wp\/v2\/pages\/2\/revisions\/2198"}],"wp:attachment":[{"href":"https:\/\/blog.ayurweda.de\/index.php?rest_route=%2Fwp%2Fv2%2Fmedia&parent=2"}],"curies":[{"name":"wp","href":"https:\/\/api.w.org\/{rel}","templated":true}]}}