{"id":444,"date":"2013-02-24T21:47:49","date_gmt":"2013-02-24T19:47:49","guid":{"rendered":"http:\/\/blog.ayurweda.de\/?page_id=444"},"modified":"2016-07-29T08:14:54","modified_gmt":"2016-07-29T07:14:54","slug":"impressum","status":"publish","type":"page","link":"https:\/\/blog.ayurweda.de\/?page_id=444","title":{"rendered":"Impressum"},"content":{"rendered":"<p>F\u00fcr den Inhalt dieser Seiten ist verantwortlich:<\/p>\n<p style=\"padding-left: 30px;\"><strong>Dr. (I.I.Med.) Helena P\u00f6hlmann<\/strong><\/p>\n<p style=\"padding-left: 30px;\">Naturheilzentrum Bachlm\u00fchle<\/p>\n<p style=\"padding-left: 30px;\">Rastb\u00fcchl 1<\/p>\n<p style=\"padding-left: 30px;\">94139 Breitenberg (im Landkreis Passau)<\/p>\n<p style=\"padding-left: 30px;\">Tel: (+49) 08584\/988 927<\/p>\n<p style=\"padding-left: 30px;\">Email: hp(at)ayurweda.de<\/p>\n<h2><\/h2>\n<h2><span style=\"color: #000000;\">Berufsrechtliche Angaben:<\/span><\/h2>\n<p><strong>Heilpraktikerin. <\/strong>Die Erlaubnis zur Aus\u00fcbung der Heilkunde ohne Bestallung wurde mir vom Landratsamt Passau erteilt gem. dem Gesetz \u00fcber die berufsm\u00e4\u00dfige Aus\u00fcbung der Heilkunde ohne Bestallung (Heilpraktikergesetz) vom 17. Februar 1939.<\/p>\n<p><strong>Vaidya.<\/strong> In Indien ist ein Vaidya ein Arzt, der, nach 5 Jahren Universit\u00e4tsstudium mit traditionellen manuellen Therapien und Medikamenten, die nach komplexen traditionellen Rezepturen hergestellt wurden behandelt. In Deutschland ist dies keine gesch\u00fctzte Berufsbezeichnung. Kraft meines Studiums am Institute of Indian Medicine (ein Forschungsinstitute der Universit\u00e4t von Pune, Indien) und der HP Erlaubnis bin ich qualifiziert und befugt Krankheiten zu diagnostizieren und zu behandeln &#8211; auf dem selben Niveau wie meine Kollegen in Indien. Da indische Medikamente fehlen oder nur schwer zug\u00e4nglich sind, greife ich hierzu meist auf die Vielzahl in Deutschland verf\u00fcgbarer Pr\u00e4parate zur\u00fcck.<\/p>\n<p><span style=\"color: #000000;\"><strong>Medizinbiologin.<\/strong> Mit dem Bachelor of Health Sciences der medizinischen Fakult\u00e4t der Universit\u00e4t von Adelaide (Australien) habe ich eine Ausbildung, die in etwa einer deutschen Diplom Medizinbiologin entspricht.<\/span><\/p>\n<p><span style=\"color: #000000;\"><strong>Pharmaberaterin.<\/strong> Die Anerkennung der Sachkenntnisse nach \u00a775 Arzneimittelgesetz wurde von der Regierung von Niederbayern erteilt. Laut \u00a710 Heilmittelwerbegesetz geh\u00f6re ich zu den Personen, die verschreibungspflichtige Arzneimittel bei \u00c4rzten usw. bewerben d\u00fcrfen und habe freien Zugang zu werblichen Informationen \u00fcber verschreibungspflichtige Arzneimittel.<br \/>\n<\/span><\/p>\n<h2>Aufsicht:<\/h2>\n<p><span style=\"color: #000000;\"><strong>Berufsverb\u00e4nde<\/strong>: <em>Verband europ\u00e4ischer Ayurveda Therapeuten<\/em> (VEAT), und dem <em>Berufsverband der Yoga und Ayurveda Therapeuten\/innen e.V.<\/em> (BYAT), <em>Berufsverband der Yoga Vidya Gesundheitsberater, Kursleiter und Therapeuten e.V.<\/em> (BYVG), im <em>Ayurveda Berufsverband<\/em> (BYVG), im <em>Berufsverband f\u00fcr ganzheitliche Massagen<\/em> (BYVG), im <em>Bund der Entspannungskursleiter\/innen<\/em> (BYVG) und im <em>Bund der Meditationskursleiter\/innen<\/em> (BYVG).<br \/>\n<\/span><\/p>\n<p><strong>Beh\u00f6rdliche Aufsicht:<\/strong> Gesundheitsamt Passau bzw. Regierung von Niederbayern<\/p>\n<table width=\"80%\" border=\"1\" cellspacing=\"3\" cellpadding=\"2\" bgcolor=\"#ffffff\">\n<colgroup>\n<col width=\"256*\" \/> <\/colgroup>\n<tbody>\n<tr>\n<td width=\"100%\">\n<h4><span style=\"font-family: Arial,Helvetica,sans-serif;\">Haftung f\u00fcr Inhalte <\/span><\/h4>\n<p><span style=\"font-family: Arial,Helvetica,sans-serif;\">Die Inhalte unserer Seiten wurden mit gr\u00f6\u00dfter Sorgfalt erstellt. F\u00fcr die Richtigkeit, Vollst\u00e4ndigkeit und Aktualit\u00e4t der Inhalte k\u00f6nnen wir jedoch keine Gew\u00e4hr \u00fcbernehmen. Als Diensteanbieter sind wir gem\u00e4\u00df \u00a7 6 Abs.1 MDStV und \u00a7 8 Abs.1 TDG f\u00fcr eigene Inhalte auf diesen Seiten nach den allgemeinen Gesetzen verantwortlich. Diensteanbieter sind jedoch nicht verpflichtet, die von ihnen \u00fcbermittelten oder gespeicherten fremden Informationen zu \u00fcberwachen oder nach Umst\u00e4nden zu forschen, die auf eine rechtswidrige T\u00e4tigkeit hinweisen. Verpflichtungen zur Entfernung oder Sperrung der Nutzung von Informationen nach den allgemeinen Gesetzen bleiben hiervon unber\u00fchrt. Eine diesbez\u00fcgliche Haftung ist jedoch erst ab dem Zeitpunkt der Kenntnis einer konkreten Rechtsverletzung m\u00f6glich. Bei bekannt werden von entsprechenden Rechtsverletzungen werden wir diese Inhalte umgehend entfernen. <\/span><\/p>\n<h4><span style=\"font-family: Arial,Helvetica,sans-serif;\">Haftung f\u00fcr Links<\/span><\/h4>\n<p><span style=\"font-family: Arial,Helvetica,sans-serif;\">Unser Angebot enth\u00e4lt Links zu externen Webseiten Dritter, auf deren Inhalte wir keinen Einfluss haben. Deshalb k\u00f6nnen wir f\u00fcr diese fremden Inhalte auch keine Gew\u00e4hr \u00fcbernehmen. F\u00fcr die Inhalte der verlinkten Seiten ist stets der jeweilige Anbieter oder Betreiber der Seiten verantwortlich. Die verlinkten Seiten wurden zum Zeitpunkt der Verlinkung auf m\u00f6gliche Rechtsverst\u00f6\u00dfe \u00fcberpr\u00fcft. Rechtswidrige Inhalte waren zum Zeitpunkt der Verlinkung nicht erkennbar. Eine permanente inhaltliche Kontrolle der verlinkten Seiten ist jedoch ohne konkrete Anhaltspunkte einer Rechtsverletzung nicht zumutbar. Bei bekannt werden von Rechtsverletzungen werden wir derartige Links umgehend entfernen. <\/span><\/p>\n<h4><span style=\"font-family: Arial,Helvetica,sans-serif;\">Urheberrecht<\/span><\/h4>\n<p><span style=\"font-family: Arial,Helvetica,sans-serif;\">Die Betreiber der Seiten sind bem\u00fcht, stets die Urheberrechte anderer zu beachten bzw. auf selbst erstellte sowie lizenzfreie Werke zur\u00fcckzugreifen. Die durch die Seitenbetreiber erstellten Inhalte und Werke auf diesen Seiten unterliegen dem deutschen Urheberrecht. Beitr\u00e4ge Dritter sind als solche gekennzeichnet. Die Vervielf\u00e4ltigung, Bearbeitung, Verbreitung und jede Art der Verwertung au\u00dferhalb der Grenzen des Urheberrechtes bed\u00fcrfen der schriftlichen Zustimmung des jeweiligen Autors bzw. Erstellers. Downloads und Kopien dieser Seite sind nur f\u00fcr den privaten, nicht kommerziellen Gebrauch gestattet. Datenschutz Soweit auf unseren Seiten personenbezogene Daten (beispielsweise Name, Anschrift oder eMail-Adressen) erhoben werden, erfolgt dies soweit m\u00f6glich stets auf freiwilliger Basis. Die Nutzung der Angebote und Dienste ist, soweit m\u00f6glich, stets ohne Angabe personenbezogener Daten m\u00f6glich. Der Nutzung von im Rahmen der Impressumspflicht ver\u00f6ffentlichten Kontaktdaten durch Dritte zur \u00dcbersendung von nicht ausdr\u00fccklich angeforderter Werbung und Informationsmaterialien wird hiermit ausdr\u00fccklich widersprochen. Die Betreiber der Seiten behalten sich ausdr\u00fccklich rechtliche Schritte im Falle der unverlangten Zusendung von Werbeinformationen, etwa durch Spam-Mails, vor.<\/span><\/p>\n<p><span style=\"font-family: Arial,Helvetica,sans-serif;\"><span style=\"font-size: small;\">Quelle: <a href=\"http:\/\/ayurweda.de\/www.e-recht24.de\/muster-disclaimer.htm\">Disclaimer<\/a> von <a href=\"http:\/\/ayurweda.de\/www.e-recht24.de\/default.htm\">Anwalt<\/a> S\u00f6ren Siebert <\/span><\/span><\/td>\n<\/tr>\n<\/tbody>\n<\/table>\n","protected":false},"excerpt":{"rendered":"<p>F\u00fcr den Inhalt dieser Seiten ist verantwortlich: Dr. (I.I.Med.) Helena P\u00f6hlmann Naturheilzentrum Bachlm\u00fchle Rastb\u00fcchl 1 94139 Breitenberg (im Landkreis Passau) Tel: (+49) 08584\/988 927 Email: hp(at)ayurweda.de Berufsrechtliche Angaben: Heilpraktikerin. Die Erlaubnis zur Aus\u00fcbung der Heilkunde ohne Bestallung wurde mir vom Landratsamt Passau erteilt gem. dem Gesetz \u00fcber die berufsm\u00e4\u00dfige Aus\u00fcbung&nbsp; <a href=\"https:\/\/blog.ayurweda.de\/?page_id=444\" title=\"Read more Impressum\">Read more &raquo;<\/a><\/p>\n","protected":false},"author":1,"featured_media":0,"parent":0,"menu_order":0,"comment_status":"closed","ping_status":"closed","template":"","meta":{"footnotes":""},"_links":{"self":[{"href":"https:\/\/blog.ayurweda.de\/index.php?rest_route=\/wp\/v2\/pages\/444"}],"collection":[{"href":"https:\/\/blog.ayurweda.de\/index.php?rest_route=\/wp\/v2\/pages"}],"about":[{"href":"https:\/\/blog.ayurweda.de\/index.php?rest_route=\/wp\/v2\/types\/page"}],"author":[{"embeddable":true,"href":"https:\/\/blog.ayurweda.de\/index.php?rest_route=\/wp\/v2\/users\/1"}],"replies":[{"embeddable":true,"href":"https:\/\/blog.ayurweda.de\/index.php?rest_route=%2Fwp%2Fv2%2Fcomments&post=444"}],"version-history":[{"count":28,"href":"https:\/\/blog.ayurweda.de\/index.php?rest_route=\/wp\/v2\/pages\/444\/revisions"}],"predecessor-version":[{"id":446,"href":"https:\/\/blog.ayurweda.de\/index.php?rest_route=\/wp\/v2\/pages\/444\/revisions\/446"}],"wp:attachment":[{"href":"https:\/\/blog.ayurweda.de\/index.php?rest_route=%2Fwp%2Fv2%2Fmedia&parent=444"}],"curies":[{"name":"wp","href":"https:\/\/api.w.org\/{rel}","templated":true}]}}