{"id":6,"date":"2012-09-20T13:49:31","date_gmt":"2012-09-20T11:49:31","guid":{"rendered":"http:\/\/blog.ayurweda.de\/?page_id=6"},"modified":"2016-07-29T07:53:18","modified_gmt":"2016-07-29T06:53:18","slug":"wie-finde-ich-in-die-bachlmuhle","status":"publish","type":"page","link":"https:\/\/blog.ayurweda.de\/?page_id=6","title":{"rendered":"Anfahrt"},"content":{"rendered":"<p><span style=\"font-family: Georgia, Times New Roman, Times, serif;\">Es gibt zwei Hauptanfahrtswege:<\/span><\/p>\n<p><span style=\"font-family: Georgia, Times New Roman, Times, serif;\"><em><span style=\"text-decoration: underline;\">\u00fcber <\/span><\/em><em><span style=\"text-decoration: underline;\"><strong>Passau<\/strong><\/span><\/em><em><span style=\"text-decoration: underline;\">:<\/span><\/em> von Passau Richtung <strong>Hauzenberg<\/strong>, dann nach <strong>Sonnen<\/strong> von Sonnen Richtung <strong>Breitenberg<\/strong>. Bereits vor Breitenberg, in <strong>J\u00e4gerbild, links abbiegen.\u00a0 <\/strong>Hier ist sowohl Rastb\u00fcchl wie auch die <strong>Skisprungschanze<\/strong> angeschrieben. Folgen Sie einfach der Beschilderung. Nach einigen Kilometern &#8211; es geht vorbei ander Feuerwehr und dann den Berg hinab &#8211; kommt eine Abbiegespur nach links.\u00a0 Hier bitte abbiegen.\u00a0 Nach ca. 300 rechts abbiegen und sie kommen zum gr\u00fcnen Ortsschild &#8222;RASTB\u00dcCHL&#8220;.\u00a0 Beim ersten Geb\u00e4ude linker Hand ist der Parkplatz. (200 m weiter w\u00e4re die Schanze.)<\/span><\/p>\n<p><span style=\"font-family: Georgia, Times New Roman, Times, serif;\">K\u00fcrzer, aber etwas schlechter zu finden (teilweise auch mit Navigationssystem &#8211; da m\u00fcsste man die Koordinaten eingeben und den k\u00fcrzesten Weg w\u00e4hlen, damit man gleich richtig f\u00e4hrt) ist der Weg <\/span><\/p>\n<p><span style=\"font-family: Georgia, Times New Roman, Times, serif;\"><em><span style=\"text-decoration: underline;\">\u00fcber <\/span><\/em><\/span><span style=\"font-family: Georgia, Times New Roman, Times, serif;\"><em><span style=\"text-decoration: underline;\"><strong>Waldkirchen<\/strong><\/span><\/em><\/span><span style=\"font-family: Georgia, Times New Roman, Times, serif;\"><em><span style=\"text-decoration: underline;\">:<\/span><\/em><\/span> <span style=\"font-family: Georgia, Times New Roman, Times, serif;\">hier<\/span> <span style=\"font-family: Georgia, Times New Roman, Times, serif;\">verlassen Sie die Autobahn an der Ausfahrt &#8218;<\/span><span style=\"font-family: Georgia, Times New Roman, Times, serif;\"><strong>Aicha vorm Wald<\/strong><\/span><span style=\"font-family: Georgia, Times New Roman, Times, serif;\">&#8218; und folgen der Beschilderung Richtung <\/span><span style=\"font-family: Georgia, Times New Roman, Times, serif;\"><strong>Waldkirchen<\/strong><\/span><span style=\"font-family: Georgia, Times New Roman, Times, serif;\">, bis die Beschilderung \u201eWaldkirchen Ost, Neureichenau, Jandelsbrunn und Breitenberg\u201c zeigt. Bleiben Sie bitte hier auf der Umgehungsstra\u00dfe und fahren Sie an Waldkirchen vorbei, Richtung <\/span><span style=\"font-family: Georgia, Times New Roman, Times, serif;\"><strong>Jandelsbrunn <\/strong><\/span>\u2013 <span style=\"font-family: Georgia, Times New Roman, Times, serif;\">nicht nach Jandelsbrunn abbiegen, sondern weiter auf der Umgehungsstra\u00dfe bleiben. Sie fahren dann durch <strong>Schindelstatt<\/strong>. Bald sehen Sie eine Werbeschild f\u00fcr einen Getr\u00e4nkemarkt Plankl. Nach weiteren 1,8 km, an einem Bush\u00e4uschen steht ein Wegweiser nach <\/span><span style=\"font-family: Georgia, Times New Roman, Times, serif;\"><strong>Kleingsenget. <\/strong><\/span><span style=\"font-family: Georgia, Times New Roman, Times, serif;\">Hier <span style=\"text-decoration: underline;\">rechts abbiegen<\/span>.<\/span> <span style=\"font-family: Georgia, Times New Roman, Times, serif;\">(Das\u00a0Ortschild Gsenget liegt zwar in Sichtweite, aber so weit wollen wir nicht fahren.) D<\/span><span style=\"font-family: Georgia, Times New Roman, Times, serif;\">ie Stra\u00dfe f\u00fchrt \u00fcber eine kleine Br\u00fccke und Sie kommen an eine Weggabelung. Hier <span style=\"text-decoration: underline;\">rechts halten<\/span> (nicht weiter nach Kleingsenget). <span style=\"text-decoration: underline;\">Am Ende der Stra\u00dfe links<\/span> in den Hirschenbergweg einbiegen. Wenn man in die Stra\u00dfe einf\u00e4hrt steht an dem kleinen H\u00e4uschen gegen\u00fcber, der Bushaltestelle, ein Schild &#8218;Gasthaus zur Alten M\u00fchle&#8216;, dass die Richtung weist. Das Str\u00e4\u00dfchen schl\u00e4ngelt sich durch den Wald, bis nach ca. 1,5 km die <\/span><span style=\"font-family: Georgia, Times New Roman, Times, serif;\"><strong>Skisprungschanze<\/strong><\/span> <span style=\"font-family: Georgia, Times New Roman, Times, serif;\">Br\u00fccken-\u00e4hnlich, die Stra\u00dfe kreuzt. Noch 200 Meter, dann sind Sie am Ziel. Es geht nur noch den H\u00fcgel runter und \u00fcber denn Bach. Links ist das Gasthaus \u201eZur alten M\u00fchle\u201c, dahinter unser Semiarraum.\u00a0 Der Parkplatz ist rechts ausgewiesen.\u00a0 Den Weg zur Praxis finden Sie, wenn Sie am Schaukasten dem Weg folgen.<br \/>\n<\/span><\/p>\n<p><span style=\"font-family: Georgia, Times New Roman, Times, serif;\"><strong>Trauen Sie Ihrem\u00a0Navigationssystemen NICHT. Es ist selten, dass ein Navigationssystem auf direktem Weg hierher f\u00fchrt.\u00a0Teilweise f\u00e4hrt man 10 km Umweg! <\/strong><\/span><\/p>\n<p><span style=\"font-family: Georgia, Times New Roman, Times, serif;\">Mit den \u00f6fftentlicen Verkehrsmitteln kommt man bis nach Breitenberg. Von dort w\u00fcrden wir Sie\u00a0abholen. Das muss nat\u00fcrlich abgesprochen sein.<\/span><\/p>\n<p><span style=\"font-family: Georgia, Times New Roman, Times, serif;\">Mit dem Zug f\u00e4hrt man zum Hauptbahnhof Passau. Von dort f\u00e4hrt der Bus nach Breitenberg. An der Endstation aussteigen und ihr steht vor dem &#8222;Breitenberger Hof&#8220; und (ums Eck) vor dem Caf\u00e9 Fuchs.\u00a0 Dort k\u00f6nnen\u00a0Sie warten, falls wir uns versp\u00e4ten.\u00a0 <\/span><\/p>\n","protected":false},"excerpt":{"rendered":"<p>Es gibt zwei Hauptanfahrtswege: \u00fcber Passau: von Passau Richtung Hauzenberg, dann nach Sonnen von Sonnen Richtung Breitenberg. Bereits vor Breitenberg, in J\u00e4gerbild, links abbiegen.\u00a0 Hier ist sowohl Rastb\u00fcchl wie auch die Skisprungschanze angeschrieben. Folgen Sie einfach der Beschilderung. Nach einigen Kilometern &#8211; es geht vorbei ander Feuerwehr und dann den&nbsp; <a href=\"https:\/\/blog.ayurweda.de\/?page_id=6\" title=\"Read more Anfahrt\">Read more &raquo;<\/a><\/p>\n","protected":false},"author":1,"featured_media":0,"parent":0,"menu_order":0,"comment_status":"closed","ping_status":"closed","template":"","meta":{"footnotes":""},"_links":{"self":[{"href":"https:\/\/blog.ayurweda.de\/index.php?rest_route=\/wp\/v2\/pages\/6"}],"collection":[{"href":"https:\/\/blog.ayurweda.de\/index.php?rest_route=\/wp\/v2\/pages"}],"about":[{"href":"https:\/\/blog.ayurweda.de\/index.php?rest_route=\/wp\/v2\/types\/page"}],"author":[{"embeddable":true,"href":"https:\/\/blog.ayurweda.de\/index.php?rest_route=\/wp\/v2\/users\/1"}],"replies":[{"embeddable":true,"href":"https:\/\/blog.ayurweda.de\/index.php?rest_route=%2Fwp%2Fv2%2Fcomments&post=6"}],"version-history":[{"count":15,"href":"https:\/\/blog.ayurweda.de\/index.php?rest_route=\/wp\/v2\/pages\/6\/revisions"}],"predecessor-version":[{"id":1477,"href":"https:\/\/blog.ayurweda.de\/index.php?rest_route=\/wp\/v2\/pages\/6\/revisions\/1477"}],"wp:attachment":[{"href":"https:\/\/blog.ayurweda.de\/index.php?rest_route=%2Fwp%2Fv2%2Fmedia&parent=6"}],"curies":[{"name":"wp","href":"https:\/\/api.w.org\/{rel}","templated":true}]}}